{"id":26,"date":"2013-08-21T15:54:21","date_gmt":"2013-08-21T15:54:21","guid":{"rendered":"http:\/\/themichaelgarcia.com\/anchor\/?page_id=26"},"modified":"2015-05-13T12:58:59","modified_gmt":"2015-05-13T17:58:59","slug":"ou-nous-trouver","status":"publish","type":"page","link":"https:\/\/www.hebergementcndf.com\/en\/home-title-of-homepage\/ou-nous-trouver\/","title":{"rendered":"How to find us?"},"content":{"rendered":"<p><a href=\"https:\/\/www.google.com\/maps?ll=46.737024,-71.401992&#038;z=16&#038;t=m&#038;hl=en-US&#038;gl=US&#038;mapclient=embed&#038;q=5030+Rue+Cl%C3%A9ment+Lockquell+Saint-Augustin-de-Desmaures,+QC+G3A+Canada\" target=\"_blank\"><img loading=\"lazy\" decoding=\"async\" class=\"alignnone size-full wp-image-104\" src=\"http:\/\/www.hebergementcndf.com\/wp-content\/uploads\/2013\/08\/congres_service-des-congres-cndf-google-map.jpg\" alt=\"service des congres cndf google map\" width=\"640\" height=\"390\" srcset=\"https:\/\/www.hebergementcndf.com\/wp-content\/uploads\/2013\/08\/congres_service-des-congres-cndf-google-map.jpg 640w, https:\/\/www.hebergementcndf.com\/wp-content\/uploads\/2013\/08\/congres_service-des-congres-cndf-google-map-300x183.jpg 300w, https:\/\/www.hebergementcndf.com\/wp-content\/uploads\/2013\/08\/congres_service-des-congres-cndf-google-map-279x170.jpg 279w\" sizes=\"(max-width: 640px) 100vw, 640px\" \/><\/a><\/p>\n<p>Campus Notre-Dame-de-Foy<br \/>\nService des congr\u00e8s,\u00a0R\u00e9sidence Andr\u00e9-Coindre<br \/>\n5030, rue Cl\u00e9ment-Lockquell,\u00a0Saint-Augustin-de-Desmaures, Qu\u00e9bec G3A 1B3<\/p>\n<p><span><a href=\"contact\" target=\"_self\" class=\"progression-button progression-medium progression-grey\">Contact us<\/a><\/span><\/p>","protected":false},"excerpt":{"rendered":"<p>Campus Notre-Dame-de-Foy Service des congr\u00e8s,\u00a0R\u00e9sidence Andr\u00e9-Coindre 5030, rue Cl\u00e9ment-Lockquell,\u00a0Saint-Augustin-de-Desmaures, Qu\u00e9bec G3A 1B3<\/p>\n","protected":false},"author":3,"featured_media":0,"parent":64,"menu_order":3,"comment_status":"open","ping_status":"open","template":"","meta":{"footnotes":""},"class_list":["post-26","page","type-page","status-publish","hentry"],"yoast_head":"<!-- This site is optimized with the Yoast SEO plugin v23.6 - https:\/\/yoast.com\/wordpress\/plugins\/seo\/ -->\n<title>How to find us? - Service des congr\u00e8s du CNDF<\/title>\n<meta name=\"robots\" content=\"noindex, nofollow\" \/>\n<meta property=\"og:locale\" content=\"en_US\" \/>\n<meta property=\"og:type\" content=\"article\" \/>\n<meta property=\"og:title\" content=\"[:fr]O\u00f9 nous trouver?[:en]How to find us?[:] - Service des congr\u00e8s du CNDF\" \/>\n<meta property=\"og:description\" content=\"Campus Notre-Dame-de-Foy Service des congr\u00e8s,\u00a0R\u00e9sidence Andr\u00e9-Coindre 5030, rue Cl\u00e9ment-Lockquell,\u00a0Saint-Augustin-de-Desmaures, Qu\u00e9bec G3A 1B3\" \/>\n<meta property=\"og:url\" content=\"https:\/\/www.hebergementcndf.com\/home-title-of-homepage\/ou-nous-trouver\/\" \/>\n<meta property=\"og:site_name\" content=\"Service des congr\u00e8s du CNDF\" \/>\n<meta property=\"article:modified_time\" content=\"2015-05-13T17:58:59+00:00\" \/>\n<meta property=\"og:image\" content=\"http:\/\/www.hebergementcndf.com\/wp-content\/uploads\/2013\/08\/congres_service-des-congres-cndf-google-map.jpg\" \/>\n<meta name=\"twitter:card\" content=\"summary_large_image\" \/>\n<script type=\"application\/ld+json\" class=\"yoast-schema-graph\">{\"@context\":\"https:\/\/schema.org\",\"@graph\":[{\"@type\":\"WebPage\",\"@id\":\"https:\/\/www.hebergementcndf.com\/home-title-of-homepage\/ou-nous-trouver\/\",\"url\":\"https:\/\/www.hebergementcndf.com\/home-title-of-homepage\/ou-nous-trouver\/\",\"name\":\"[:fr]O\u00f9 nous trouver?[:en]How to find us?[:] - Service des congr\u00e8s du CNDF\",\"isPartOf\":{\"@id\":\"https:\/\/www.hebergementcndf.com\/#website\"},\"primaryImageOfPage\":{\"@id\":\"https:\/\/www.hebergementcndf.com\/home-title-of-homepage\/ou-nous-trouver\/#primaryimage\"},\"image\":{\"@id\":\"https:\/\/www.hebergementcndf.com\/home-title-of-homepage\/ou-nous-trouver\/#primaryimage\"},\"thumbnailUrl\":\"http:\/\/www.hebergementcndf.com\/wp-content\/uploads\/2013\/08\/congres_service-des-congres-cndf-google-map.jpg\",\"datePublished\":\"2013-08-21T15:54:21+00:00\",\"dateModified\":\"2015-05-13T17:58:59+00:00\",\"breadcrumb\":{\"@id\":\"https:\/\/www.hebergementcndf.com\/home-title-of-homepage\/ou-nous-trouver\/#breadcrumb\"},\"inLanguage\":\"en-US\",\"potentialAction\":[{\"@type\":\"ReadAction\",\"target\":[\"https:\/\/www.hebergementcndf.com\/home-title-of-homepage\/ou-nous-trouver\/\"]}]},{\"@type\":\"ImageObject\",\"inLanguage\":\"en-US\",\"@id\":\"https:\/\/www.hebergementcndf.com\/home-title-of-homepage\/ou-nous-trouver\/#primaryimage\",\"url\":\"http:\/\/www.hebergementcndf.com\/wp-content\/uploads\/2013\/08\/congres_service-des-congres-cndf-google-map.jpg\",\"contentUrl\":\"http:\/\/www.hebergementcndf.com\/wp-content\/uploads\/2013\/08\/congres_service-des-congres-cndf-google-map.jpg\"},{\"@type\":\"BreadcrumbList\",\"@id\":\"https:\/\/www.hebergementcndf.com\/home-title-of-homepage\/ou-nous-trouver\/#breadcrumb\",\"itemListElement\":[{\"@type\":\"ListItem\",\"position\":1,\"name\":\"Accueil\",\"item\":\"https:\/\/www.hebergementcndf.com\/\"},{\"@type\":\"ListItem\",\"position\":2,\"name\":\"Le Service des congr\u00e8s\",\"item\":\"https:\/\/www.hebergementcndf.com\/\"},{\"@type\":\"ListItem\",\"position\":3,\"name\":\"O\u00f9 nous trouver?\"}]},{\"@type\":\"WebSite\",\"@id\":\"https:\/\/www.hebergementcndf.com\/#website\",\"url\":\"https:\/\/www.hebergementcndf.com\/\",\"name\":\"Service des congr\u00e8s du CNDF\",\"description\":\"H\u00e9bergement - traiteur - salles\",\"potentialAction\":[{\"@type\":\"SearchAction\",\"target\":{\"@type\":\"EntryPoint\",\"urlTemplate\":\"https:\/\/www.hebergementcndf.com\/?s={search_term_string}\"},\"query-input\":{\"@type\":\"PropertyValueSpecification\",\"valueRequired\":true,\"valueName\":\"search_term_string\"}}],\"inLanguage\":\"en-US\"}]}<\/script>\n<!-- \/ Yoast SEO plugin. -->","yoast_head_json":{"title":"[:fr]O\u00f9 nous trouver?[:en]How to find us?[:] - Service des congr\u00e8s du CNDF","robots":{"index":"noindex","follow":"nofollow"},"og_locale":"en_US","og_type":"article","og_title":"[:fr]O\u00f9 nous trouver?[:en]How to find us?[:] - Service des congr\u00e8s du CNDF","og_description":"Campus Notre-Dame-de-Foy Service des congr\u00e8s,\u00a0R\u00e9sidence Andr\u00e9-Coindre 5030, rue Cl\u00e9ment-Lockquell,\u00a0Saint-Augustin-de-Desmaures, Qu\u00e9bec G3A 1B3","og_url":"https:\/\/www.hebergementcndf.com\/home-title-of-homepage\/ou-nous-trouver\/","og_site_name":"Service des congr\u00e8s du CNDF","article_modified_time":"2015-05-13T17:58:59+00:00","og_image":[{"url":"http:\/\/www.hebergementcndf.com\/wp-content\/uploads\/2013\/08\/congres_service-des-congres-cndf-google-map.jpg"}],"twitter_card":"summary_large_image","schema":{"@context":"https:\/\/schema.org","@graph":[{"@type":"WebPage","@id":"https:\/\/www.hebergementcndf.com\/home-title-of-homepage\/ou-nous-trouver\/","url":"https:\/\/www.hebergementcndf.com\/home-title-of-homepage\/ou-nous-trouver\/","name":"[:fr]O\u00f9 nous trouver?[:en]How to find us?[:] - Service des congr\u00e8s du CNDF","isPartOf":{"@id":"https:\/\/www.hebergementcndf.com\/#website"},"primaryImageOfPage":{"@id":"https:\/\/www.hebergementcndf.com\/home-title-of-homepage\/ou-nous-trouver\/#primaryimage"},"image":{"@id":"https:\/\/www.hebergementcndf.com\/home-title-of-homepage\/ou-nous-trouver\/#primaryimage"},"thumbnailUrl":"http:\/\/www.hebergementcndf.com\/wp-content\/uploads\/2013\/08\/congres_service-des-congres-cndf-google-map.jpg","datePublished":"2013-08-21T15:54:21+00:00","dateModified":"2015-05-13T17:58:59+00:00","breadcrumb":{"@id":"https:\/\/www.hebergementcndf.com\/home-title-of-homepage\/ou-nous-trouver\/#breadcrumb"},"inLanguage":"en-US","potentialAction":[{"@type":"ReadAction","target":["https:\/\/www.hebergementcndf.com\/home-title-of-homepage\/ou-nous-trouver\/"]}]},{"@type":"ImageObject","inLanguage":"en-US","@id":"https:\/\/www.hebergementcndf.com\/home-title-of-homepage\/ou-nous-trouver\/#primaryimage","url":"http:\/\/www.hebergementcndf.com\/wp-content\/uploads\/2013\/08\/congres_service-des-congres-cndf-google-map.jpg","contentUrl":"http:\/\/www.hebergementcndf.com\/wp-content\/uploads\/2013\/08\/congres_service-des-congres-cndf-google-map.jpg"},{"@type":"BreadcrumbList","@id":"https:\/\/www.hebergementcndf.com\/home-title-of-homepage\/ou-nous-trouver\/#breadcrumb","itemListElement":[{"@type":"ListItem","position":1,"name":"Accueil","item":"https:\/\/www.hebergementcndf.com\/"},{"@type":"ListItem","position":2,"name":"Le Service des congr\u00e8s","item":"https:\/\/www.hebergementcndf.com\/"},{"@type":"ListItem","position":3,"name":"O\u00f9 nous trouver?"}]},{"@type":"WebSite","@id":"https:\/\/www.hebergementcndf.com\/#website","url":"https:\/\/www.hebergementcndf.com\/","name":"Service des congr\u00e8s du CNDF","description":"H\u00e9bergement - traiteur - salles","potentialAction":[{"@type":"SearchAction","target":{"@type":"EntryPoint","urlTemplate":"https:\/\/www.hebergementcndf.com\/?s={search_term_string}"},"query-input":{"@type":"PropertyValueSpecification","valueRequired":true,"valueName":"search_term_string"}}],"inLanguage":"en-US"}]}},"_links":{"self":[{"href":"https:\/\/www.hebergementcndf.com\/en\/wp-json\/wp\/v2\/pages\/26"}],"collection":[{"href":"https:\/\/www.hebergementcndf.com\/en\/wp-json\/wp\/v2\/pages"}],"about":[{"href":"https:\/\/www.hebergementcndf.com\/en\/wp-json\/wp\/v2\/types\/page"}],"author":[{"embeddable":true,"href":"https:\/\/www.hebergementcndf.com\/en\/wp-json\/wp\/v2\/users\/3"}],"replies":[{"embeddable":true,"href":"https:\/\/www.hebergementcndf.com\/en\/wp-json\/wp\/v2\/comments?post=26"}],"version-history":[{"count":12,"href":"https:\/\/www.hebergementcndf.com\/en\/wp-json\/wp\/v2\/pages\/26\/revisions"}],"predecessor-version":[{"id":236,"href":"https:\/\/www.hebergementcndf.com\/en\/wp-json\/wp\/v2\/pages\/26\/revisions\/236"}],"up":[{"embeddable":true,"href":"https:\/\/www.hebergementcndf.com\/en\/wp-json\/wp\/v2\/pages\/64"}],"wp:attachment":[{"href":"https:\/\/www.hebergementcndf.com\/en\/wp-json\/wp\/v2\/media?parent=26"}],"curies":[{"name":"wp","href":"https:\/\/api.w.org\/{rel}","templated":true}]}}